{"id":289,"date":"2017-12-23T07:51:55","date_gmt":"2017-12-23T07:51:55","guid":{"rendered":"http:\/\/www.gt3themes.com\/wordpress-themes\/soho\/?page_id=289"},"modified":"2022-10-10T21:20:54","modified_gmt":"2022-10-10T19:20:54","slug":"blog-type-2","status":"publish","type":"page","link":"https:\/\/www.mk-naturfotografie.de\/wordpress\/blog-type-2\/","title":{"rendered":"Blog"},"content":{"rendered":"<div class='row'><div style='padding-bottom:0px;' class='span12 first-module module_number_1 module_cont  module_blog'>\r\n\t\t\t\t\t\t<div class=\"blog_post_preview preview_type2\"><div class=\"blog_content\">\r\n\t\t\t\t\t\t\t\t\t<div class=\"preview_top\">\r\n\t\t\t\t\t\t\t\t\t\t<div class=\"preview_title\">\r\n\t\t\t\t\t\t\t\t\t\t\t<h4 class=\"blogpost_title\"><a href=\"https:\/\/www.mk-naturfotografie.de\/wordpress\/2025\/05\/20\/%f0%9f%90%a6-buntspecht-update-3-wie-siehts-mit-dem-nachwuchs-aus\/\">\ud83d\udc26 Buntspecht Update 3 &#8211; Wie siehts mit dem Nachwuchs aus?<\/a><\/h4>\r\n\t\t\t\t\t\t\t\t\t\t\t<div class=\"listing_meta gt3_auto_middot\">\r\n\t\t\t\t\t\t\t\t\t\t\t\t\r\n\t\t\t\t\t\t\t\t\t\t\t\t<span>by <a href=\"https:\/\/www.mk-naturfotografie.de\/wordpress\/author\/admin\/\">admin<\/a><\/span>\r\n\t\t\t\t\t\t\t\t\t\t\t\r\n\t\t\t\t\t\t\t\t\t\t\t<span>Mai 20, 2025<\/span>\r\n\t\t\t\t\t\t\t\t\t\t\t\r\n\t\t\t\t\t\t\t\t\t\t\t<span>in <a href=\"https:\/\/www.mk-naturfotografie.de\/wordpress\/category\/wildlife\/\">Wildlife<\/a><\/span>\r\n\t\t\t\t\t\t\t\t\t\t\t\r\n\t\t\t\t\t\t\t\t\t\t\t<span><a href=\"https:\/\/www.mk-naturfotografie.de\/wordpress\/2025\/05\/20\/%f0%9f%90%a6-buntspecht-update-3-wie-siehts-mit-dem-nachwuchs-aus\/#respond\">0 comments<\/a><\/span>\r\n\t\t\t\t\t\t\t\t\t\t\t\t\r\n\t\t\t\t\t\t\t\t\t\t\t<\/div>\r\n\t\t\t\t\t\t\t\t\t\t<\/div><!-- .preview_title -->\r\n\t\t\t\t\t\t\t\t\t\t<div class=\"gallery_likes_add preview_likes \" data-attachid=\"3016\" data-modify=\"like_post\">\r\n\t\t\t\t\t\t\t\t\t\t\t<i class=\"stand_icon icon-heart-o\"><\/i>\r\n\t\t\t\t\t\t\t\t\t\t\t<span>0<\/span>\r\n\t\t\t\t\t\t\t\t\t\t<\/div><!-- .preview_likes -->\r\n\t\t\t\t\t\t\t\t\t<\/div><div class=\"pf_output_container\"><img decoding=\"async\" class=\"featured_image_standalone\" src=\"https:\/\/www.mk-naturfotografie.de\/wordpress\/wp-content\/uploads\/2025\/05\/YouTube-Thumbnail-2-1170x563.png\" alt=\"\" \/><\/div><article class=\"contentarea\">\r\n\t\t\t\t\t\t\t\t\t\t\ud83d\udc26 Buntspecht Update 03 &#8211; Wie siehts mit dem Nachwuchs aus? Heute besuche ich nochmal die Buntspechth\u00f6hle um zu sehen wie weit der Nachwuchs schon ist. Die Kleinen m\u00fcssten jetzt ca. seit 2 bis 3 Wochen geschl\u00fcpft sein. Ein kleiner Soiler vorweg, den Nachwuchs kann man inzwischen schon h\u00f6ren. Sehr lautstarkt sogar wenn Futter kommt. Sehen kann man sie zwar noch nicht, aber das ist bestimmt auch nur noch eine Frage von Tagen. Hier gehts zum dazugeh\u00f6rigen Video.\r\n\t\t\t\t\t\t\t\t\t\t<br class=\"clear\">\r\n\t\t\t\t\t\t\t\t\t\t<a href=\"https:\/\/www.mk-naturfotografie.de\/wordpress\/2025\/05\/20\/%f0%9f%90%a6-buntspecht-update-3-wie-siehts-mit-dem-nachwuchs-aus\/\" class=\"preview_read_more\">Read More<\/a>\t\t\t\t\t\t\t\t\t\t\r\n\t\t\t\t\t\t\t\t\t<\/article>\r\n\t\t\t\t\t\t\t<\/div>\r\n\t\t\t\t\t\t<\/div><!--.blog_post_preview -->\r\n\t\t\t\t\t\t<div class=\"blog_post_preview preview_type2\"><div class=\"blog_content\">\r\n\t\t\t\t\t\t\t\t\t<div class=\"preview_top\">\r\n\t\t\t\t\t\t\t\t\t\t<div class=\"preview_title\">\r\n\t\t\t\t\t\t\t\t\t\t\t<h4 class=\"blogpost_title\"><a href=\"https:\/\/www.mk-naturfotografie.de\/wordpress\/2025\/05\/13\/%f0%9f%8c%b2tannenbaeumchen-fotografieren-macro-focusstacking-leds-und-stahlwolle\/\">\ud83c\udf32Tannenb\u00e4umchen fotografieren &#8211; Macro, Focusstacking, LEDs und Stahlwolle<\/a><\/h4>\r\n\t\t\t\t\t\t\t\t\t\t\t<div class=\"listing_meta gt3_auto_middot\">\r\n\t\t\t\t\t\t\t\t\t\t\t\t\r\n\t\t\t\t\t\t\t\t\t\t\t\t<span>by <a href=\"https:\/\/www.mk-naturfotografie.de\/wordpress\/author\/admin\/\">admin<\/a><\/span>\r\n\t\t\t\t\t\t\t\t\t\t\t\r\n\t\t\t\t\t\t\t\t\t\t\t<span>Mai 13, 2025<\/span>\r\n\t\t\t\t\t\t\t\t\t\t\t\r\n\t\t\t\t\t\t\t\t\t\t\t<span>in <a href=\"https:\/\/www.mk-naturfotografie.de\/wordpress\/category\/macro\/\">Macro<\/a><\/span>\r\n\t\t\t\t\t\t\t\t\t\t\t\r\n\t\t\t\t\t\t\t\t\t\t\t<span><a href=\"https:\/\/www.mk-naturfotografie.de\/wordpress\/2025\/05\/13\/%f0%9f%8c%b2tannenbaeumchen-fotografieren-macro-focusstacking-leds-und-stahlwolle\/#respond\">0 comments<\/a><\/span>\r\n\t\t\t\t\t\t\t\t\t\t\t\t\r\n\t\t\t\t\t\t\t\t\t\t\t<\/div>\r\n\t\t\t\t\t\t\t\t\t\t<\/div><!-- .preview_title -->\r\n\t\t\t\t\t\t\t\t\t\t<div class=\"gallery_likes_add preview_likes \" data-attachid=\"3007\" data-modify=\"like_post\">\r\n\t\t\t\t\t\t\t\t\t\t\t<i class=\"stand_icon icon-heart-o\"><\/i>\r\n\t\t\t\t\t\t\t\t\t\t\t<span>0<\/span>\r\n\t\t\t\t\t\t\t\t\t\t<\/div><!-- .preview_likes -->\r\n\t\t\t\t\t\t\t\t\t<\/div><div class=\"pf_output_container\"><img decoding=\"async\" class=\"featured_image_standalone\" src=\"https:\/\/www.mk-naturfotografie.de\/wordpress\/wp-content\/uploads\/2025\/05\/YouTube-Thumbnail-1-1170x563.png\" alt=\"\" \/><\/div><article class=\"contentarea\">\r\n\t\t\t\t\t\t\t\t\t\t\ud83c\udf32Tannenb\u00e4umchen fotografieren &#8211; Macro, Focusstacking, LEDs und Stahlwolle Aus dem Moos bei Regen Video bin ich euch noch einen Tannenb\u00e4umchen schuldig geblieben, da in dem Waldabschnitt keine gewachsen sind. Jetzt habe ich aber das perfekte B\u00e4umchen gefunden. Zumindest glaube ich das. Also lasst uns zusammen herausfinden ob sich das B\u00e4umchen f\u00fcr Fotos eignet und was sich mit LED Lichtern und Stahlwolle anstellen l\u00e4sst. Hier gehts zum Video. &nbsp;\r\n\t\t\t\t\t\t\t\t\t\t<br class=\"clear\">\r\n\t\t\t\t\t\t\t\t\t\t<a href=\"https:\/\/www.mk-naturfotografie.de\/wordpress\/2025\/05\/13\/%f0%9f%8c%b2tannenbaeumchen-fotografieren-macro-focusstacking-leds-und-stahlwolle\/\" class=\"preview_read_more\">Read More<\/a>\t\t\t\t\t\t\t\t\t\t\r\n\t\t\t\t\t\t\t\t\t<\/article>\r\n\t\t\t\t\t\t\t<\/div>\r\n\t\t\t\t\t\t<\/div><!--.blog_post_preview -->\r\n\t\t\t\t\t\t<div class=\"blog_post_preview preview_type2\"><div class=\"blog_content\">\r\n\t\t\t\t\t\t\t\t\t<div class=\"preview_top\">\r\n\t\t\t\t\t\t\t\t\t\t<div class=\"preview_title\">\r\n\t\t\t\t\t\t\t\t\t\t\t<h4 class=\"blogpost_title\"><a href=\"https:\/\/www.mk-naturfotografie.de\/wordpress\/2025\/05\/06\/%f0%9f%aa%ba-buntspecht-familienplanung-abgeschlossen-fuer-dieses-jahr\/\">\ud83e\udeba Buntspecht &#8211; Familienplanung abgeschlossen f\u00fcr dieses Jahr?<\/a><\/h4>\r\n\t\t\t\t\t\t\t\t\t\t\t<div class=\"listing_meta gt3_auto_middot\">\r\n\t\t\t\t\t\t\t\t\t\t\t\t\r\n\t\t\t\t\t\t\t\t\t\t\t\t<span>by <a href=\"https:\/\/www.mk-naturfotografie.de\/wordpress\/author\/admin\/\">admin<\/a><\/span>\r\n\t\t\t\t\t\t\t\t\t\t\t\r\n\t\t\t\t\t\t\t\t\t\t\t<span>Mai 06, 2025<\/span>\r\n\t\t\t\t\t\t\t\t\t\t\t\r\n\t\t\t\t\t\t\t\t\t\t\t<span>in <a href=\"https:\/\/www.mk-naturfotografie.de\/wordpress\/category\/wildlife\/\">Wildlife<\/a><\/span>\r\n\t\t\t\t\t\t\t\t\t\t\t\r\n\t\t\t\t\t\t\t\t\t\t\t<span><a href=\"https:\/\/www.mk-naturfotografie.de\/wordpress\/2025\/05\/06\/%f0%9f%aa%ba-buntspecht-familienplanung-abgeschlossen-fuer-dieses-jahr\/#respond\">0 comments<\/a><\/span>\r\n\t\t\t\t\t\t\t\t\t\t\t\t\r\n\t\t\t\t\t\t\t\t\t\t\t<\/div>\r\n\t\t\t\t\t\t\t\t\t\t<\/div><!-- .preview_title -->\r\n\t\t\t\t\t\t\t\t\t\t<div class=\"gallery_likes_add preview_likes \" data-attachid=\"3001\" data-modify=\"like_post\">\r\n\t\t\t\t\t\t\t\t\t\t\t<i class=\"stand_icon icon-heart-o\"><\/i>\r\n\t\t\t\t\t\t\t\t\t\t\t<span>0<\/span>\r\n\t\t\t\t\t\t\t\t\t\t<\/div><!-- .preview_likes -->\r\n\t\t\t\t\t\t\t\t\t<\/div><div class=\"pf_output_container\"><img decoding=\"async\" class=\"featured_image_standalone\" src=\"https:\/\/www.mk-naturfotografie.de\/wordpress\/wp-content\/uploads\/2025\/05\/YouTube-Thumbnail-1170x563.png\" alt=\"\" \/><\/div><article class=\"contentarea\">\r\n\t\t\t\t\t\t\t\t\t\t\ud83e\udeba Buntspecht &#8211; Familienplanung abgeschlossen f\u00fcr dieses Jahr? Heute besuche ich nochmal den Buntspecht um zu schauen wie es in achen Nachwuchs aussieht. Ich vermute aber mal, dass wenn die Jungen schon geschl\u00fcpft sind, wird man sie noch nicht h\u00f6ren k\u00f6nnen. Wenn der Flugbetrieb der Altv\u00f6gel zugenommen hat, ist das auch ein gutes Indiz daf\u00fcr, dass die Eier ausgesch\u00fcpft sind. Was der Stand der Dinge ist, erf\u00e4hrst du in diesem Video.\r\n\t\t\t\t\t\t\t\t\t\t<br class=\"clear\">\r\n\t\t\t\t\t\t\t\t\t\t<a href=\"https:\/\/www.mk-naturfotografie.de\/wordpress\/2025\/05\/06\/%f0%9f%aa%ba-buntspecht-familienplanung-abgeschlossen-fuer-dieses-jahr\/\" class=\"preview_read_more\">Read More<\/a>\t\t\t\t\t\t\t\t\t\t\r\n\t\t\t\t\t\t\t\t\t<\/article>\r\n\t\t\t\t\t\t\t<\/div>\r\n\t\t\t\t\t\t<\/div><!--.blog_post_preview -->\r\n\t\t\t\t\t\t<div class=\"blog_post_preview preview_type2\"><div class=\"blog_content\">\r\n\t\t\t\t\t\t\t\t\t<div class=\"preview_top\">\r\n\t\t\t\t\t\t\t\t\t\t<div class=\"preview_title\">\r\n\t\t\t\t\t\t\t\t\t\t\t<h4 class=\"blogpost_title\"><a href=\"https:\/\/www.mk-naturfotografie.de\/wordpress\/2025\/04\/29\/%f0%9f%90%a6-buntspecht-wird-die-bruthoehle-benutzt\/\">\ud83d\udc26 Buntspecht &#8211; Wird die Bruth\u00f6hle benutzt?<\/a><\/h4>\r\n\t\t\t\t\t\t\t\t\t\t\t<div class=\"listing_meta gt3_auto_middot\">\r\n\t\t\t\t\t\t\t\t\t\t\t\t\r\n\t\t\t\t\t\t\t\t\t\t\t\t<span>by <a href=\"https:\/\/www.mk-naturfotografie.de\/wordpress\/author\/admin\/\">admin<\/a><\/span>\r\n\t\t\t\t\t\t\t\t\t\t\t\r\n\t\t\t\t\t\t\t\t\t\t\t<span>April 29, 2025<\/span>\r\n\t\t\t\t\t\t\t\t\t\t\t\r\n\t\t\t\t\t\t\t\t\t\t\t<span>in <a href=\"https:\/\/www.mk-naturfotografie.de\/wordpress\/category\/allgemein\/\">Allgemein<\/a><\/span>\r\n\t\t\t\t\t\t\t\t\t\t\t\r\n\t\t\t\t\t\t\t\t\t\t\t<span><a href=\"https:\/\/www.mk-naturfotografie.de\/wordpress\/2025\/04\/29\/%f0%9f%90%a6-buntspecht-wird-die-bruthoehle-benutzt\/#respond\">0 comments<\/a><\/span>\r\n\t\t\t\t\t\t\t\t\t\t\t\t\r\n\t\t\t\t\t\t\t\t\t\t\t<\/div>\r\n\t\t\t\t\t\t\t\t\t\t<\/div><!-- .preview_title -->\r\n\t\t\t\t\t\t\t\t\t\t<div class=\"gallery_likes_add preview_likes \" data-attachid=\"2997\" data-modify=\"like_post\">\r\n\t\t\t\t\t\t\t\t\t\t\t<i class=\"stand_icon icon-heart-o\"><\/i>\r\n\t\t\t\t\t\t\t\t\t\t\t<span>0<\/span>\r\n\t\t\t\t\t\t\t\t\t\t<\/div><!-- .preview_likes -->\r\n\t\t\t\t\t\t\t\t\t<\/div><div class=\"pf_output_container\"><\/div><article class=\"contentarea\">\r\n\t\t\t\t\t\t\t\t\t\t\ud83d\udc26 Buntspecht &#8211; Wird die Bruth\u00f6hle benutzt? Heute bin ich im Wald unterwegsum herauszufinden ob die Bruth\u00f6hle des Buntspechts, die ich im letzten Video entdeckt habe, auch tats\u00e4chlich benutzt wird. Da ich beim letzten Mal nur gesehen habe, wie der Buntspecht die H\u00f6hle in einem toten Baum gebaut hat, war ich mir bis jetzt noch nicht sicher, ob diese auch tats\u00e4chlich verwendet wird oder aufgegeben wurde. Heute bin ich im Wald um das herauszufinden. Ich habe einige Zeit in der N\u00e4he der H\u00f6hle verbracht um herauszufinden aus welchem Winkel sich gute Bilder machen lassen und um herauszufinden ob der Buntspecht seine Wohnung \u00fcberhaupt benutzt.\r\n\t\t\t\t\t\t\t\t\t\t<br class=\"clear\">\r\n\t\t\t\t\t\t\t\t\t\t<a href=\"https:\/\/www.mk-naturfotografie.de\/wordpress\/2025\/04\/29\/%f0%9f%90%a6-buntspecht-wird-die-bruthoehle-benutzt\/\" class=\"preview_read_more\">Read More<\/a>\t\t\t\t\t\t\t\t\t\t\r\n\t\t\t\t\t\t\t\t\t<\/article>\r\n\t\t\t\t\t\t\t<\/div>\r\n\t\t\t\t\t\t<\/div><!--.blog_post_preview -->\r\n\t\t\t\t\t\t<div class=\"blog_post_preview preview_type2\"><div class=\"blog_content\">\r\n\t\t\t\t\t\t\t\t\t<div class=\"preview_top\">\r\n\t\t\t\t\t\t\t\t\t\t<div class=\"preview_title\">\r\n\t\t\t\t\t\t\t\t\t\t\t<h4 class=\"blogpost_title\"><a href=\"https:\/\/www.mk-naturfotografie.de\/wordpress\/2025\/04\/22\/meine-suche-nach-dem-scheuen-zaunkoenig-500-abonnenten-special\/\">Meine Suche nach dem scheuen Zaunk\u00f6nig &#8211; 500 Abonnenten Special!<\/a><\/h4>\r\n\t\t\t\t\t\t\t\t\t\t\t<div class=\"listing_meta gt3_auto_middot\">\r\n\t\t\t\t\t\t\t\t\t\t\t\t\r\n\t\t\t\t\t\t\t\t\t\t\t\t<span>by <a href=\"https:\/\/www.mk-naturfotografie.de\/wordpress\/author\/admin\/\">admin<\/a><\/span>\r\n\t\t\t\t\t\t\t\t\t\t\t\r\n\t\t\t\t\t\t\t\t\t\t\t<span>April 22, 2025<\/span>\r\n\t\t\t\t\t\t\t\t\t\t\t\r\n\t\t\t\t\t\t\t\t\t\t\t<span>in <a href=\"https:\/\/www.mk-naturfotografie.de\/wordpress\/category\/wildlife\/\">Wildlife<\/a><\/span>\r\n\t\t\t\t\t\t\t\t\t\t\t\r\n\t\t\t\t\t\t\t\t\t\t\t<span><a href=\"https:\/\/www.mk-naturfotografie.de\/wordpress\/2025\/04\/22\/meine-suche-nach-dem-scheuen-zaunkoenig-500-abonnenten-special\/#respond\">0 comments<\/a><\/span>\r\n\t\t\t\t\t\t\t\t\t\t\t\t\r\n\t\t\t\t\t\t\t\t\t\t\t<\/div>\r\n\t\t\t\t\t\t\t\t\t\t<\/div><!-- .preview_title -->\r\n\t\t\t\t\t\t\t\t\t\t<div class=\"gallery_likes_add preview_likes \" data-attachid=\"2990\" data-modify=\"like_post\">\r\n\t\t\t\t\t\t\t\t\t\t\t<i class=\"stand_icon icon-heart-o\"><\/i>\r\n\t\t\t\t\t\t\t\t\t\t\t<span>0<\/span>\r\n\t\t\t\t\t\t\t\t\t\t<\/div><!-- .preview_likes -->\r\n\t\t\t\t\t\t\t\t\t<\/div><div class=\"pf_output_container\"><img decoding=\"async\" class=\"featured_image_standalone\" src=\"https:\/\/www.mk-naturfotografie.de\/wordpress\/wp-content\/uploads\/2025\/04\/YouTube-Thumbnail-1-1170x563.jpg\" alt=\"\" \/><\/div><article class=\"contentarea\">\r\n\t\t\t\t\t\t\t\t\t\tMeine Suche nach dem scheuen Zaunk\u00f6nig &#8211; 500 Abonnenten Special! Begleite mich auf der Suche nach dem Zaunk\u00f6nig. Es ist gar nicht so einfach den kleinsten Vogel in Deutschland zu finden. H\u00f6ren kann man ihn gut, aber dann auch noch sehen ist nochmal eine ganz andere Hausnummer. Nicht nur weil er so klein und eher scheu ist, sondern auch weil er sich sehr gerne im Dickicht aufh\u00e4lt. Je dichter, desto lieber h\u00e4lt er sich dort auf. Zumindest ist das gef\u00fchlt so. Hier gehts zum Video.\r\n\t\t\t\t\t\t\t\t\t\t<br class=\"clear\">\r\n\t\t\t\t\t\t\t\t\t\t<a href=\"https:\/\/www.mk-naturfotografie.de\/wordpress\/2025\/04\/22\/meine-suche-nach-dem-scheuen-zaunkoenig-500-abonnenten-special\/\" class=\"preview_read_more\">Read More<\/a>\t\t\t\t\t\t\t\t\t\t\r\n\t\t\t\t\t\t\t\t\t<\/article>\r\n\t\t\t\t\t\t\t<\/div>\r\n\t\t\t\t\t\t<\/div><!--.blog_post_preview --><ul class=\"pagerblock\"><li><a href='https:\/\/www.mk-naturfotografie.de\/wordpress\/wp-json\/wp\/v2\/pages\/289\/' class='current'>1<\/a><\/li><li><a href='https:\/\/www.mk-naturfotografie.de\/wordpress\/wp-json\/wp\/v2\/pages\/289\/page\/2\/'>2<\/a><\/li><li><a href='https:\/\/www.mk-naturfotografie.de\/wordpress\/wp-json\/wp\/v2\/pages\/289\/page\/3\/'>3<\/a><\/li><li><a href='https:\/\/www.mk-naturfotografie.de\/wordpress\/wp-json\/wp\/v2\/pages\/289\/page\/4\/'>4<\/a><\/li><li><a href='https:\/\/www.mk-naturfotografie.de\/wordpress\/wp-json\/wp\/v2\/pages\/289\/page\/5\/'>5<\/a><\/li><li><a href='https:\/\/www.mk-naturfotografie.de\/wordpress\/wp-json\/wp\/v2\/pages\/289\/page\/6\/'>6<\/a><\/li><\/ul><\/div><!-- .module_cont --><\/div>","protected":false},"excerpt":{"rendered":"","protected":false},"author":1,"featured_media":0,"parent":0,"menu_order":0,"comment_status":"open","ping_status":"open","template":"","meta":{"footnotes":""},"class_list":["post-289","page","type-page","status-publish","hentry"],"_links":{"self":[{"href":"https:\/\/www.mk-naturfotografie.de\/wordpress\/wp-json\/wp\/v2\/pages\/289","targetHints":{"allow":["GET"]}}],"collection":[{"href":"https:\/\/www.mk-naturfotografie.de\/wordpress\/wp-json\/wp\/v2\/pages"}],"about":[{"href":"https:\/\/www.mk-naturfotografie.de\/wordpress\/wp-json\/wp\/v2\/types\/page"}],"author":[{"embeddable":true,"href":"https:\/\/www.mk-naturfotografie.de\/wordpress\/wp-json\/wp\/v2\/users\/1"}],"replies":[{"embeddable":true,"href":"https:\/\/www.mk-naturfotografie.de\/wordpress\/wp-json\/wp\/v2\/comments?post=289"}],"version-history":[{"count":1,"href":"https:\/\/www.mk-naturfotografie.de\/wordpress\/wp-json\/wp\/v2\/pages\/289\/revisions"}],"predecessor-version":[{"id":2672,"href":"https:\/\/www.mk-naturfotografie.de\/wordpress\/wp-json\/wp\/v2\/pages\/289\/revisions\/2672"}],"wp:attachment":[{"href":"https:\/\/www.mk-naturfotografie.de\/wordpress\/wp-json\/wp\/v2\/media?parent=289"}],"curies":[{"name":"wp","href":"https:\/\/api.w.org\/{rel}","templated":true}]}}